{"id":745,"date":"2021-10-24T17:04:02","date_gmt":"2021-10-24T17:04:02","guid":{"rendered":"https:\/\/construccionesfidentino.com\/?page_id=745"},"modified":"2021-10-24T17:04:04","modified_gmt":"2021-10-24T17:04:04","slug":"aviso-legal","status":"publish","type":"page","link":"https:\/\/construccionesfidentino.com\/index.php\/aviso-legal\/","title":{"rendered":"Aviso legal"},"content":{"rendered":"\t\t<div data-elementor-type=\"wp-page\" data-elementor-id=\"745\" class=\"elementor elementor-745\" data-elementor-settings=\"[]\">\n\t\t\t\t\t\t\t<div class=\"elementor-section-wrap\">\n\t\t\t\t\t\t\t<section class=\"elementor-section elementor-top-section elementor-element elementor-element-da5546b elementor-section-boxed elementor-section-height-default elementor-section-height-default\" data-id=\"da5546b\" data-element_type=\"section\">\n\t\t\t\t\t\t<div class=\"elementor-container elementor-column-gap-default\">\n\t\t\t\t\t<div class=\"elementor-column elementor-col-100 elementor-top-column elementor-element elementor-element-9566499\" data-id=\"9566499\" data-element_type=\"column\">\n\t\t\t<div class=\"elementor-widget-wrap elementor-element-populated\">\n\t\t\t\t\t\t\t\t<div class=\"elementor-element elementor-element-48a5ae0 elementor-widget elementor-widget-text-editor\" data-id=\"48a5ae0\" data-element_type=\"widget\" data-widget_type=\"text-editor.default\">\n\t\t\t\t<div class=\"elementor-widget-container\">\n\t\t\t\t\t\t\t\t<div>El presente Aviso Legal regula el uso del servicio del portal de Internet\u00a0<b>www.contruccionesfidentino.com<\/b>\u00a0propiedad de la empresa\u00a0<b>CONSTRUCCIONES FIDENTINO<\/b>\u00a0<b>SL<\/b>\u00a0con domicilio en la calle\u00a0<b>Fray Diego Ru\u00edz 23, 28904 GETAFE (Madrid)<\/b>\u00a0con\u00a0<b>CIF B-78925120.<\/b><\/div><div>\u00a0<\/div><div><span style=\"color: #383838;\">\u00a0<\/span><\/div><h4><span style=\"color: #383838;\"><b>CONDICIONES DE USO<\/b><\/span><\/h4><div><span style=\"color: #383838;\">\u00a0<\/span><\/div><div><span style=\"color: #383838;\">El uso del sitio web\u00a0<b>www.contruccionesfidentino.com<\/b>\u00a0se rige por las normas establecidas en el presente aviso legal. Con su utilizaci\u00f3n, usted acepta las condiciones de uso.<\/span><\/div><div><span style=\"color: #383838;\">\u00a0<\/span><\/div><div><span style=\"color: #383838;\"><b>CONTENIDO Y USO<\/b><\/span><\/div><div><span style=\"color: #383838;\">\u00a0<\/span><\/div><div><span style=\"color: #383838;\">El Usuario queda informado, y acepta, que el acceso a la presente web no supone, en modo alguno, el inicio de una relaci\u00f3n comercial o de otro tipo con\u00a0<b>CONSTRUCCIONES FIDENTINO SL.<\/b><\/span><\/div><div><span style=\"color: #383838;\">\u00a0<\/span><\/div><div><span style=\"color: #383838;\"><b>CONSTRUCCIONES FIDENTINO SL<\/b>\u00a0se reserva el derecho de efectuar sin previo aviso las modificaciones que considere oportunas en su web, pudiendo cambiar, suprimir o a\u00f1adir tanto los contenidos y servicios que se presten a trav\u00e9s de la misma como la forma en la que \u00e9stos aparezcan presentados o localizados en sus servidores.<\/span><\/div><div><span style=\"color: #383838;\">\u00a0<\/span><\/div><h4><span style=\"color: #383838;\"><b>DERECHOS DE PROPIEDAD INTELECTUAL<\/b><\/span><\/h4><div><span style=\"color: #383838;\">\u00a0<\/span><\/div><div><span style=\"color: #383838;\"><b>1.-<\/b>\u00a0Todos los contenidos del sitio web\u00a0<b>www.contruccionesfidentino.com<\/b>\u00a0(incluyendo, sin car\u00e1cter limitativo, bases de datos, im\u00e1genes y fotograf\u00edas, dibujos, gr\u00e1ficos y archivos de texto) son propiedad de\u00a0<b>CONSTRUCCIONES FIDENTINO SL<\/b>\u00a0o de los proveedores de contenidos, habiendo sido, en este \u00faltimo caso, objeto de licencia o cesi\u00f3n por parte de los mismos, y est\u00e1n protegidos por las normas nacionales o internacionales de propiedad intelectual. La recopilaci\u00f3n, dise\u00f1o, ordenaci\u00f3n y montaje de todo el contenido del sitio web es propiedad exclusiva de\u00a0<b>CONSTRUCCIONES FIDENTINO SL<\/b>\u00a0y se encuentra protegida por las normas nacionales e internacionales de propiedad industrial e intelectual.<\/span><\/div><div><span style=\"color: #383838;\">\u00a0<\/span><\/div><div><span style=\"color: #383838;\"><b>2.-<\/b>\u00a0Las marcas, r\u00f3tulos, signos distintivos o logos del web referenciado son titularidad de\u00a0<b>CONSTRUCCIONES FIDENTINO SL<\/b>\u00a0y est\u00e1n debidamente registrados, as\u00ed como los textos, datos y dibujos gr\u00e1ficos; o bien son titularidad de las entidades proveedoras de informaci\u00f3n, no pudiendo ser objeto de ulterior modificaci\u00f3n, copia, transformaci\u00f3n, alteraci\u00f3n, reproducci\u00f3n, adaptaci\u00f3n o traducci\u00f3n por parte de terceros, sin la expresa autorizaci\u00f3n por parte del titular de dicho contenido. La puesta a disposici\u00f3n de los textos, datos y dibujos gr\u00e1ficos no implica, en ning\u00fan caso, la cesi\u00f3n de su titularidad o la concesi\u00f3n de un derecho de explotaci\u00f3n, reproducci\u00f3n, difusi\u00f3n, transformaci\u00f3n, distribuci\u00f3n, o transmisi\u00f3n a su favor, distinto del derecho de uso que comporta la utilizaci\u00f3n leg\u00edtima del web.<\/span><\/div><div><span style=\"color: #383838;\">\u00a0<\/span><\/div><h4><span style=\"color: #383838;\"><b>MANIFESTACIONES<\/b><\/span><\/h4><div><span style=\"color: #383838;\">\u00a0<\/span><\/div><div><span style=\"color: #383838;\"><b>1.- CONSTRUCCIONES FIDENTINO SL<\/b>\u00a0manifiesta que este sitio web dispone de la tecnolog\u00eda adecuada para permitir el acceso y utilizaci\u00f3n del mismo. No obstante, no se responsabiliza por la eventual existencia de virus u otros elementos nocivos, introducidos por cualquier medio o por cualquier tercero, que puedan producir alteraciones en sus sistemas inform\u00e1ticos.<\/span><\/div><div><span style=\"color: #383838;\">\u00a0<\/span><\/div><div><span style=\"color: #383838;\"><b>2.-<\/b>\u00a0El sitio web\u00a0<b>www.contruccionesfidentino.com<\/b>\u00a0podr\u00eda contener inexactitudes, omisiones relevantes, imprecisiones o erratas.\u00a0<b>CONSTRUCCIONES FIDENTINO SL<\/b>\u00a0no garantiza, en ning\u00fan caso, la veracidad, exactitud y actualidad de los datos contenidos en su sitio web. El usuario que accede al mismo exonera a\u00a0<b>CONSTRUCCIONES FIDENTINO SL<\/b>\u00a0de cualquier responsabilidad en relaci\u00f3n a la fiabilidad, utilidad o falsas expectativas que este sitio web pudiera producirle.<\/span><\/div><div><span style=\"color: #383838;\">\u00a0<\/span><\/div><div><span style=\"color: #383838;\"><b>3.-<\/b>\u00a0Del mismo modo, esta web no utiliza cookies ni otros medios t\u00e9cnicos que permitan identificar a los usuarios, ni conocer datos relativos a su navegaci\u00f3n.<\/span><\/div><div><span style=\"color: #383838;\">\u00a0<\/span><\/div><h4><span style=\"color: #383838;\"><b>LIMITACI\u00d3N DE RESPONSABILIDAD<\/b><\/span><\/h4><div><span style=\"color: #383838;\">\u00a0<\/span><\/div><div><span style=\"color: #383838;\"><b>1.- CONSTRUCCIONES FIDENTINO SL<\/b>\u00a0no ofrece garant\u00edas de ninguna clase en cuanto al funcionamiento de la presente web o a la informaci\u00f3n contenida en el mismo, ni ser\u00e1 responsable de los da\u00f1os o perjuicios, de cualquier \u00edndole, que puedan derivarse de su uso.<\/span><\/div><div><span style=\"color: #383838;\">\u00a0<\/span><\/div><div><span style=\"color: #383838;\"><b>2.-<\/b>\u00a0Asimismo,\u00a0<b>CONSTRUCCIONES FIDENTINO SL<\/b>\u00a0excluye toda responsabilidad por la licitud, contenido y calidad de los datos e informaciones ofrecidos por terceras entidades a trav\u00e9s de nuestro sitio web.<\/span><\/div><div><span style=\"color: #383838;\">\u00a0<\/span><\/div><div><span style=\"color: #383838;\"><b>Enlaces hiperv\u00ednculos:<\/b><\/span><\/div><div><span style=\"color: #383838;\">\u00a0<\/span><\/div><div><span style=\"color: #383838;\"><b>1.-<\/b>\u00a0Los titulares de otros sitios web que deseen crear un hiperv\u00ednculo a\u00a0<b>www.contruccionesfidentino.com<\/b>\u00a0se comprometen a no realizar manifestaciones falsas, inexactas o incorrectas, que puedan inducir a error o, en general, que sean contrarias a las leyes.<\/span><\/div><div><span style=\"color: #383838;\">\u00a0<\/span><\/div><div><span style=\"color: #383838;\"><b>2.-<\/b>\u00a0Los titulares de otros sitios web que deseen crear un hiperv\u00ednculo a\u00a0<b>www.contruccionesfidentino.com<\/b>\u00a0se comprometen, asimismo, a no establecer hiperv\u00ednculos con sitios web que contengan contenidos, manifestaciones o propaganda de \u00edndole racista, xen\u00f3foba, pornogr\u00e1fica, de apolog\u00eda del terrorismo y, en general, puedan perjudicar de cualquier modo el buen nombre o la imagen de CONSTRUCCIONES FIDENTINO SL.<\/span><\/div><div><span style=\"color: #383838;\">\u00a0<\/span><\/div><div><span style=\"color: #383838;\"><b>3.-<\/b>\u00a0La inclusi\u00f3n de hiperv\u00ednculos en\u00a0<b>www.contruccionesfidentino.com<\/b>\u00a0no implica necesariamente que\u00a0<b>CONSTRUCCIONES FIDENTINO SL<\/b>\u00a0mantenga relaciones mercantiles o v\u00ednculos asociativos con el titular del sitio web en la que se establezca el enlace.<\/span><\/div><div><span style=\"color: #383838;\">\u00a0<\/span><\/div><div><span style=\"color: #383838;\"><b>4.-<\/b>\u00a0La presencia de hiperv\u00ednculos tiene una finalidad meramente informativa, motivo por el cual,\u00a0<b>CONSTRUCCIONES FIDENTINO SL<\/b>\u00a0no se responsabiliza ni otorga garant\u00eda de ninguna naturaleza, ni expresa ni impl\u00edcita respecto a la comerciabilidad, idoneidad, calidad, caracter\u00edsticas, procedencia, comercializaci\u00f3n o cualquier otro aspecto de las informaciones y\/o productos y\/o servicios que se ofrezcan a trav\u00e9s del sitio web referenciado.<\/span><\/div><div><span style=\"color: #383838;\">\u00a0<\/span><\/div><h4><span style=\"color: #383838;\"><b>LEGISLACI\u00d3N APLICABLE<\/b><\/span><\/h4><div><span style=\"color: #383838;\">\u00a0<\/span><\/div><div><span style=\"color: #383838;\">Con car\u00e1cter general las relaciones entre\u00a0<b>CONSTRUCCIONES FIDENTINO SL<\/b>\u00a0con los Usuarios de sus servicios telem\u00e1ticos, presentes en la web, se encuentran sometidas a la legislaci\u00f3n y jurisdicci\u00f3n espa\u00f1olas.<\/span><\/div><div><span style=\"color: #383838;\">\u00a0<\/span><\/div><p><span style=\"color: #383838;\"><b>Datos de contacto:<\/b><\/span><\/p><div><span style=\"color: #383838;\">\u00a0<\/span><\/div><div><span style=\"color: #383838;\"><b>&#8211; Direcci\u00f3n de correo electr\u00f3nico: ccfidentino@hotmail.com<\/b><\/span><\/div><div><span style=\"color: #383838;\"><b>&#8211; Tel\u00e9fono: 91 695 10 95<\/b><\/span><\/div>\t\t\t\t\t\t<\/div>\n\t\t\t\t<\/div>\n\t\t\t\t\t<\/div>\n\t\t<\/div>\n\t\t\t\t\t\t\t<\/div>\n\t\t<\/section>\n\t\t\t\t\t\t<\/div>\n\t\t\t\t\t<\/div>\n\t\t","protected":false},"excerpt":{"rendered":"<p>El presente Aviso Legal regula el uso del servicio del portal de Internet\u00a0www.contruccionesfidentino.com\u00a0propiedad de la empresa\u00a0CONSTRUCCIONES FIDENTINO\u00a0SL\u00a0con domicilio en la calle\u00a0Fray Diego Ru\u00edz 23, 28904 GETAFE<span class=\"excerpt-hellip\"> [\u2026]<\/span><\/p>\n","protected":false},"author":1,"featured_media":0,"parent":0,"menu_order":0,"comment_status":"closed","ping_status":"closed","template":"","meta":{"footnotes":""},"class_list":["post-745","page","type-page","status-publish","hentry"],"_links":{"self":[{"href":"https:\/\/construccionesfidentino.com\/index.php\/wp-json\/wp\/v2\/pages\/745","targetHints":{"allow":["GET"]}}],"collection":[{"href":"https:\/\/construccionesfidentino.com\/index.php\/wp-json\/wp\/v2\/pages"}],"about":[{"href":"https:\/\/construccionesfidentino.com\/index.php\/wp-json\/wp\/v2\/types\/page"}],"author":[{"embeddable":true,"href":"https:\/\/construccionesfidentino.com\/index.php\/wp-json\/wp\/v2\/users\/1"}],"replies":[{"embeddable":true,"href":"https:\/\/construccionesfidentino.com\/index.php\/wp-json\/wp\/v2\/comments?post=745"}],"version-history":[{"count":3,"href":"https:\/\/construccionesfidentino.com\/index.php\/wp-json\/wp\/v2\/pages\/745\/revisions"}],"predecessor-version":[{"id":748,"href":"https:\/\/construccionesfidentino.com\/index.php\/wp-json\/wp\/v2\/pages\/745\/revisions\/748"}],"wp:attachment":[{"href":"https:\/\/construccionesfidentino.com\/index.php\/wp-json\/wp\/v2\/media?parent=745"}],"curies":[{"name":"wp","href":"https:\/\/api.w.org\/{rel}","templated":true}]}}